{"id":6071,"date":"2025-05-07T11:08:04","date_gmt":"2025-05-07T09:08:04","guid":{"rendered":"http:\/\/story-telling.ai\/?page_id=6071"},"modified":"2025-05-22T09:09:27","modified_gmt":"2025-05-22T07:09:27","slug":"impressum","status":"publish","type":"page","link":"https:\/\/story-telling.ai\/?page_id=6071","title":{"rendered":"Impressum"},"content":{"rendered":"[vc_row type=&#8220;full_width_background&#8220; full_screen_row_position=&#8220;middle&#8220; column_margin=&#8220;default&#8220; column_direction=&#8220;default&#8220; column_direction_tablet=&#8220;default&#8220; column_direction_phone=&#8220;default&#8220; bg_color=&#8220;#000000&#8243; scene_position=&#8220;center&#8220; top_padding=&#8220;6%&#8220; constrain_group_1=&#8220;yes&#8220; bottom_padding=&#8220;6%&#8220; text_color=&#8220;light&#8220; text_align=&#8220;left&#8220; row_border_radius=&#8220;none&#8220; row_border_radius_applies=&#8220;bg&#8220; overflow=&#8220;visible&#8220; overlay_strength=&#8220;0.3&#8243; gradient_direction=&#8220;left_to_right&#8220; shape_divider_position=&#8220;bottom&#8220; bg_image_animation=&#8220;none&#8220; gradient_type=&#8220;default&#8220; shape_type=&#8220;&#8220;][vc_column column_padding=&#8220;no-extra-padding&#8220; column_padding_tablet=&#8220;inherit&#8220; column_padding_phone=&#8220;inherit&#8220; column_padding_position=&#8220;all&#8220; column_element_direction_desktop=&#8220;default&#8220; column_element_spacing=&#8220;default&#8220; desktop_text_alignment=&#8220;default&#8220; tablet_text_alignment=&#8220;default&#8220; phone_text_alignment=&#8220;default&#8220; background_color_opacity=&#8220;1&#8243; background_hover_color_opacity=&#8220;1&#8243; column_backdrop_filter=&#8220;none&#8220; column_shadow=&#8220;none&#8220; column_border_radius=&#8220;none&#8220; column_link_target=&#8220;_self&#8220; column_position=&#8220;default&#8220; gradient_direction=&#8220;left_to_right&#8220; overlay_strength=&#8220;0.3&#8243; width=&#8220;1\/1&#8243; tablet_width_inherit=&#8220;default&#8220; animation_type=&#8220;default&#8220; bg_image_animation=&#8220;none&#8220; border_type=&#8220;simple&#8220; column_border_width=&#8220;none&#8220; column_border_style=&#8220;solid&#8220;][nectar_responsive_text inherited_font_style=&#8220;default&#8220; font_size_desktop=&#8220;1.5em&#8220; font_line_height=&#8220;1.6&#8243; text_direction=&#8220;default&#8220; font_size_tablet=&#8220;1em&#8220;]\n<h2>Impressum<\/h2>\n<p>&nbsp;<\/p>\n<p>StorytellingAI<br \/>\nLeila Emami<br \/>\nTaunusstra\u00dfe<br \/>\n65385 R\u00fcdesheim<br \/>\nTel: 0049-171-1919682<br \/>\n<a href=\"mailto:mail@leila-e.de\">mail@leila-e.de<\/a><\/p>\n<p>&nbsp;<\/p>\n<p><strong>Verantwortlich f\u00fcr den Inhalt<\/strong> (gem. \u00a7 55 Abs. 2 RStV):<\/p>\n<p>Leila Emami<br \/>\nTaunusstra\u00dfe 38<br \/>\n65385 R\u00fcdesheim am Rhein<\/p>\n<p>&nbsp;<\/p>\n<p><strong>Bildrechte:<\/strong><\/p>\n<p>Portrait-Foto Leila Emami<br \/>\nFotostudio Michaela Diana<br \/>\n<a href=\"https:\/\/fotostudio-michaela.de\/\" target=\"_blank\" rel=\"noopener\">https:\/\/fotostudio-michaela.de\/<\/a><\/p>\n<p>Portrait-Foto Gordian Maugg<br \/>\nFotostudio Urbschat<br \/>\n<a href=\"https:\/\/www.fotostudio-urbschat.de\/\" target=\"_blank\" rel=\"noopener\">https:\/\/www.fotostudio-urbschat.de\/<\/a><\/p>\n<p>&nbsp;<\/p>\n<p>&nbsp;<\/p>\n<h1>Disclaimer &#8211; rechtliche Hinweise<\/h1>\n<p><strong>Auskunfts- und Widerrufsrecht<\/strong><\/p>\n<p>Sie haben jederzeit das Recht, sich unentgeltlich und unverz\u00fcglich \u00fcber die zu Ihrer Person erhobenen Daten<br \/>\nzu erkundigen. Ebenfalls k\u00f6nnen Sie Ihre Zustimmung zur Verwendung Ihrer angegebenen pers\u00f6nlichen Daten mit<br \/>\nWirkung f\u00fcr die Zukunft widerrufen. Hierf\u00fcr wenden Sie sich bitte an den im Impressum angegebenen<br \/>\nDiensteanbieter.<\/p>\n<p><strong>Datenschutz (allgemein)<\/strong><\/p>\n<p>Beim Zugriff auf unsere Webseite werden automatisch allgemeine Informationen (sog. Server-Logfiles) erfasst. Diese<br \/>\nbeinhalten u.a. den von Ihnen verwendeten Webbrowser sowie Ihr Betriebssystem und Ihren Internet Service Provider. Diese<br \/>\nDaten lassen keinerlei R\u00fcckschl\u00fcsse auf Ihre Person zu und werden von uns statistisch ausgewertet, um unseren<br \/>\nInternetauftritt technisch und inhaltlich zu verbessern. Das Erfassen dieser Informationen ist notwendig, um den Inhalt<br \/>\nder Webseite korrekt ausliefern zu k\u00f6nnen.<\/p>\n<p>Die Nutzung der Webseite ist grunds\u00e4tzlich ohne Angabe personenbezogener Daten m\u00f6glich. Soweit<br \/>\npersonenbezogene Daten (beispielsweise Name, Anschrift oder E-Mail-Adressen) erhoben werden, erfolgt dies, soweit<br \/>\nm\u00f6glich, stets auf freiwilliger Basis. Diese Daten werden ohne Ihre ausdr\u00fcckliche Zustimmung nicht an Dritte<br \/>\nweitergegeben.<\/p>\n<p>Sofern ein Vertragsverh\u00e4ltnis begr\u00fcndet, inhaltlich ausgestaltet oder ge\u00e4ndert werden soll oder Sie an<br \/>\nuns eine Anfrage stellen, erheben und verwenden wir personenbezogene Daten von Ihnen, soweit dies zu diesem Zwecke<br \/>\nerforderlich ist (Bestandsdaten). Wir erheben, verarbeiten und nutzen personenbezogene Daten soweit dies erforderlich<br \/>\nist, um Ihnen die Inanspruchnahme des Webangebots zu erm\u00f6glichen (Nutzungsdaten). S\u00e4mtliche personenbezogenen<br \/>\nDaten werden nur solange gespeichert wie dies f\u00fcr den genannten Zweck (Bearbeitung Ihrer Anfrage oder Abwicklung<br \/>\neines Vertrags) erforderlich ist. Hierbei werden steuer- und handelsrechtliche Aufbewahrungsfristen von uns<br \/>\nber\u00fccksichtigt. Auf Anordnung der zust\u00e4ndigen Stellen m\u00fcssen wir im Einzelfall Auskunft \u00fcber diese<br \/>\nDaten (Bestandsdaten) erteilen, soweit dies f\u00fcr Zwecke der Strafverfolgung, zur Gefahrenabwehr, zur Erf\u00fcllung<br \/>\nder gesetzlichen Aufgaben der Verfassungsschutzbeh\u00f6rden oder des Milit\u00e4rischen Abschirmdienstes oder zur<br \/>\nDurchsetzung der Rechte am geistigen Eigentum erforderlich ist.<\/p>\n<p>Wir weisen ausdr\u00fccklich darauf hin, dass die Daten\u00fcbertragung im Internet (z. B. bei der Kommunikation per<br \/>\nE-Mail) Sicherheitsl\u00fccken aufweisen kann. Vor dem Zugriff auf Daten kann nicht l\u00fcckenlos gesch\u00fctzt<br \/>\nwerden.<\/p>\n<p>Die Nutzung von im Rahmen der Impressumspflicht ver\u00f6ffentlichten Kontaktdaten durch Dritte zur \u00dcbersendung<br \/>\nvon nicht ausdr\u00fccklich angeforderter Werbung und Informationsmaterialien wird hiermit ausdr\u00fccklich untersagt.<br \/>\nAusgenommen hiervon sind bestehende Gesch\u00e4ftsbeziehungen bzw. es liegt Ihnen eine entsprechende Einwilligung von uns<br \/>\nvor.<\/p>\n<p>Die Anbieter und alle auf dieser Website genannten Dritten behalten sich ausdr\u00fccklich rechtliche Schritte im<br \/>\nFalle der unverlangten Zusendung von Werbeinformationen vor. Gleiches gilt f\u00fcr die kommerzielle Verwendung und<br \/>\nWeitergabe der Daten.<\/p>\n<p>&nbsp;<\/p>\n<p><strong>Disclaimer (Haftungsausschluss)<\/strong><\/p>\n<p><strong>1. Haftung f\u00fcr Inhalte<\/strong><\/p>\n<p>Als Diensteanbieter sind wir gem\u00e4\u00df \u00a7 7 Abs. 1 TMG f\u00fcr eigene Inhalte auf diesen Seiten nach den<br \/>\nallgemeinen Gesetzen verantwortlich. Nach \u00a7\u00a7 8 bis 10 TMG sind wir als Diensteanbieter jedoch nicht<br \/>\nverpflichtet, \u00fcbermittelte oder gespeicherte fremde Informationen zu \u00fcberwachen oder nach Umst\u00e4nden zu<br \/>\nforschen, die auf eine rechtswidrige T\u00e4tigkeit hinweisen. Verpflichtungen zur Entfernung oder Sperrung der Nutzung<br \/>\nvon Informationen nach den allgemeinen Gesetzen bleiben hiervon unber\u00fchrt. Eine diesbez\u00fcgliche Haftung ist<br \/>\njedoch erst ab dem Zeitpunkt der Kenntnis einer konkreten Rechtsverletzung m\u00f6glich. Bei Bekanntwerden von<br \/>\nentsprechenden Rechtsverletzungen werden wir diese Inhalte umgehend entfernen.<\/p>\n<p><strong>2. Haftung f\u00fcr Links<\/strong><\/p>\n<p>Diese Website enth\u00e4lt Links zu externen Webseiten Dritter, auf deren Inhalte kein Einfluss genommen werden kann.<br \/>\nDeshalb kann f\u00fcr diese fremden Inhalte auch keine Gew\u00e4hr \u00fcbernommen werden. F\u00fcr die Inhalte der<br \/>\nverlinkten Seiten ist stets der jeweilige Anbieter oder Betreiber der Seiten verantwortlich. Die verlinkten Seiten wurden<br \/>\nzum Zeitpunkt der Verlinkung auf m\u00f6gliche Rechtsverst\u00f6\u00dfe \u00fcberpr\u00fcft. Rechtswidrige Inhalte waren<br \/>\nzum Zeitpunkt der Verlinkung nicht erkennbar. Eine permanente inhaltliche Kontrolle der verlinkten Seiten ist jedoch ohne<br \/>\nkonkrete Anhaltspunkte einer Rechtsverletzung nicht zumutbar. Bei Bekanntwerden von Rechtsverletzungen werden derartige<br \/>\nLinks umgehend von dieser Website auf die rechtsverletzende Site entfernen.<\/p>\n<p><strong>3. Urheberrecht<\/strong><\/p>\n<p>Die durch die Diensteanbieter, deren Mitarbeiter und beauftragte Dritte erstellten Inhalte und Werke auf diesen Seiten<br \/>\nunterliegen dem deutschen Urheberrecht. Die Vervielf\u00e4ltigung, Bearbeitung, Verbreitung und jede Art der Verwertung<br \/>\nau\u00dferhalb der Grenzen des Urheberrechtes bed\u00fcrfen der vorherigen schriftlichen Zustimmung des jeweiligen Autors<br \/>\nbzw. Erstellers. Downloads und Kopien dieser Seite sind nur f\u00fcr den privaten, nicht kommerziellen Gebrauch<br \/>\ngestattet. Soweit die Inhalte auf dieser Seite nicht vom Betreiber erstellt wurden, werden die Urheberrechte Dritter<br \/>\nbeachtet. Insbesondere werden Inhalte Dritter als solche gekennzeichnet. Sollten Sie trotzdem auf eine<br \/>\nUrheberrechtsverletzung aufmerksam werden, bitten wir um einen entsprechenden Hinweis. Bei Bekanntwerden von<br \/>\nRechtsverletzungen werden derartige Inhalte umgehend entfernen.<\/p>\n<p>&nbsp;<\/p>\n<p>Dieses Impressum wurde mit Hilfe des <a href=\"http:\/\/www.hensche.de\/impressum-generator.html\" target=\"_blank\" rel=\"noopener\">Impressum-Generators<\/a> von <a href=\"http:\/\/www.hensche.de\/Rechtsanwalt_Arbeitsrecht_Frankfurt.html\" target=\"_blank\" rel=\"noopener\">HENSCHE Rechtsanw\u00e4lte, Frankfurt (Westend)<\/a><br \/>\nerstellt.[\/nectar_responsive_text][nectar_cta btn_style=&#8220;underline&#8220; heading_tag=&#8220;p&#8220; button_color=&#8220;default&#8220; button_border_thickness=&#8220;0px&#8220; link_type=&#8220;regular&#8220; alignment=&#8220;left&#8220; alignment_tablet=&#8220;default&#8220; alignment_phone=&#8220;default&#8220; display=&#8220;block&#8220; display_tablet=&#8220;inherit&#8220; display_phone=&#8220;inherit&#8220; icon_family=&#8220;none&#8220; font_size_desktop=&#8220;1rem&#8220; link_text=&#8220;Zur\u00fcck zur Hauptseite&#8220; margin_top=&#8220;50&#8243; url=&#8220;https:\/\/story-telling.ai&#8220;][\/vc_column][\/vc_row]\n","protected":false},"excerpt":{"rendered":"<p>[vc_row type=&#8220;full_width_background&#8220; full_screen_row_position=&#8220;middle&#8220; column_margin=&#8220;default&#8220; column_direction=&#8220;default&#8220; column_direction_tablet=&#8220;default&#8220; column_direction_phone=&#8220;default&#8220; bg_color=&#8220;#000000&#8243; scene_position=&#8220;center&#8220; top_padding=&#8220;6%&#8220; constrain_group_1=&#8220;yes&#8220; bottom_padding=&#8220;6%&#8220; text_color=&#8220;light&#8220; text_align=&#8220;left&#8220; row_border_radius=&#8220;none&#8220; row_border_radius_applies=&#8220;bg&#8220; overflow=&#8220;visible&#8220; overlay_strength=&#8220;0.3&#8243; gradient_direction=&#8220;left_to_right&#8220; shape_divider_position=&#8220;bottom&#8220; bg_image_animation=&#8220;none&#8220; gradient_type=&#8220;default&#8220; shape_type=&#8220;&#8220;][vc_column column_padding=&#8220;no-extra-padding&#8220; column_padding_tablet=&#8220;inherit&#8220; column_padding_phone=&#8220;inherit&#8220; column_padding_position=&#8220;all&#8220; column_element_direction_desktop=&#8220;default&#8220; column_element_spacing=&#8220;default&#8220; desktop_text_alignment=&#8220;default&#8220;&#8230;<\/p>\n","protected":false},"author":1,"featured_media":0,"parent":0,"menu_order":0,"comment_status":"closed","ping_status":"closed","template":"","meta":{"footnotes":""},"class_list":["post-6071","page","type-page","status-publish"],"yoast_head":"<!-- This site is optimized with the Yoast SEO plugin v26.8 - https:\/\/yoast.com\/product\/yoast-seo-wordpress\/ -->\n<title>Impressum - StorytellingAI<\/title>\n<meta name=\"robots\" content=\"index, follow, max-snippet:-1, max-image-preview:large, max-video-preview:-1\" \/>\n<link rel=\"canonical\" href=\"https:\/\/story-telling.ai\/?page_id=6071\" \/>\n<meta property=\"og:locale\" content=\"de_DE\" \/>\n<meta property=\"og:type\" content=\"article\" \/>\n<meta property=\"og:title\" content=\"Impressum - StorytellingAI\" \/>\n<meta property=\"og:description\" content=\"[vc_row type=&#8220;full_width_background&#8220; full_screen_row_position=&#8220;middle&#8220; column_margin=&#8220;default&#8220; column_direction=&#8220;default&#8220; column_direction_tablet=&#8220;default&#8220; column_direction_phone=&#8220;default&#8220; bg_color=&#8220;#000000&#8243; scene_position=&#8220;center&#8220; top_padding=&#8220;6%&#8220; constrain_group_1=&#8220;yes&#8220; bottom_padding=&#8220;6%&#8220; text_color=&#8220;light&#8220; text_align=&#8220;left&#8220; row_border_radius=&#8220;none&#8220; row_border_radius_applies=&#8220;bg&#8220; overflow=&#8220;visible&#8220; overlay_strength=&#8220;0.3&#8243; gradient_direction=&#8220;left_to_right&#8220; shape_divider_position=&#8220;bottom&#8220; bg_image_animation=&#8220;none&#8220; gradient_type=&#8220;default&#8220; shape_type=&#8220;&#8220;][vc_column column_padding=&#8220;no-extra-padding&#8220; column_padding_tablet=&#8220;inherit&#8220; column_padding_phone=&#8220;inherit&#8220; column_padding_position=&#8220;all&#8220; column_element_direction_desktop=&#8220;default&#8220; column_element_spacing=&#8220;default&#8220; desktop_text_alignment=&#8220;default&#8220;...\" \/>\n<meta property=\"og:url\" content=\"https:\/\/story-telling.ai\/?page_id=6071\" \/>\n<meta property=\"og:site_name\" content=\"StorytellingAI\" \/>\n<meta property=\"article:modified_time\" content=\"2025-05-22T07:09:27+00:00\" \/>\n<meta name=\"twitter:card\" content=\"summary_large_image\" \/>\n<meta name=\"twitter:label1\" content=\"Gesch\u00e4tzte Lesezeit\" \/>\n\t<meta name=\"twitter:data1\" content=\"5\u00a0Minuten\" \/>\n<script type=\"application\/ld+json\" class=\"yoast-schema-graph\">{\"@context\":\"https:\/\/schema.org\",\"@graph\":[{\"@type\":\"WebPage\",\"@id\":\"https:\/\/story-telling.ai\/?page_id=6071\",\"url\":\"https:\/\/story-telling.ai\/?page_id=6071\",\"name\":\"Impressum - StorytellingAI\",\"isPartOf\":{\"@id\":\"https:\/\/story-telling.ai\/#website\"},\"datePublished\":\"2025-05-07T09:08:04+00:00\",\"dateModified\":\"2025-05-22T07:09:27+00:00\",\"breadcrumb\":{\"@id\":\"https:\/\/story-telling.ai\/?page_id=6071#breadcrumb\"},\"inLanguage\":\"de\",\"potentialAction\":[{\"@type\":\"ReadAction\",\"target\":[\"https:\/\/story-telling.ai\/?page_id=6071\"]}]},{\"@type\":\"BreadcrumbList\",\"@id\":\"https:\/\/story-telling.ai\/?page_id=6071#breadcrumb\",\"itemListElement\":[{\"@type\":\"ListItem\",\"position\":1,\"name\":\"Startseite\",\"item\":\"https:\/\/story-telling.ai\/\"},{\"@type\":\"ListItem\",\"position\":2,\"name\":\"Impressum\"}]},{\"@type\":\"WebSite\",\"@id\":\"https:\/\/story-telling.ai\/#website\",\"url\":\"https:\/\/story-telling.ai\/\",\"name\":\"StorytellingAI\",\"description\":\"Filmisches Storytelling mit AI\",\"publisher\":{\"@id\":\"https:\/\/story-telling.ai\/#organization\"},\"potentialAction\":[{\"@type\":\"SearchAction\",\"target\":{\"@type\":\"EntryPoint\",\"urlTemplate\":\"https:\/\/story-telling.ai\/?s={search_term_string}\"},\"query-input\":{\"@type\":\"PropertyValueSpecification\",\"valueRequired\":true,\"valueName\":\"search_term_string\"}}],\"inLanguage\":\"de\"},{\"@type\":\"Organization\",\"@id\":\"https:\/\/story-telling.ai\/#organization\",\"name\":\"StorytellingAI\",\"url\":\"https:\/\/story-telling.ai\/\",\"logo\":{\"@type\":\"ImageObject\",\"inLanguage\":\"de\",\"@id\":\"https:\/\/story-telling.ai\/#\/schema\/logo\/image\/\",\"url\":\"https:\/\/story-telling.ai\/wp-content\/uploads\/2025\/02\/cropped-Storytelling-Ai_Logo1_ohne-Hintergrund-e1738947346437.png\",\"contentUrl\":\"https:\/\/story-telling.ai\/wp-content\/uploads\/2025\/02\/cropped-Storytelling-Ai_Logo1_ohne-Hintergrund-e1738947346437.png\",\"width\":160,\"height\":106,\"caption\":\"StorytellingAI\"},\"image\":{\"@id\":\"https:\/\/story-telling.ai\/#\/schema\/logo\/image\/\"}}]}<\/script>\n<!-- \/ Yoast SEO plugin. -->","yoast_head_json":{"title":"Impressum - StorytellingAI","robots":{"index":"index","follow":"follow","max-snippet":"max-snippet:-1","max-image-preview":"max-image-preview:large","max-video-preview":"max-video-preview:-1"},"canonical":"https:\/\/story-telling.ai\/?page_id=6071","og_locale":"de_DE","og_type":"article","og_title":"Impressum - StorytellingAI","og_description":"[vc_row type=&#8220;full_width_background&#8220; full_screen_row_position=&#8220;middle&#8220; column_margin=&#8220;default&#8220; column_direction=&#8220;default&#8220; column_direction_tablet=&#8220;default&#8220; column_direction_phone=&#8220;default&#8220; bg_color=&#8220;#000000&#8243; scene_position=&#8220;center&#8220; top_padding=&#8220;6%&#8220; constrain_group_1=&#8220;yes&#8220; bottom_padding=&#8220;6%&#8220; text_color=&#8220;light&#8220; text_align=&#8220;left&#8220; row_border_radius=&#8220;none&#8220; row_border_radius_applies=&#8220;bg&#8220; overflow=&#8220;visible&#8220; overlay_strength=&#8220;0.3&#8243; gradient_direction=&#8220;left_to_right&#8220; shape_divider_position=&#8220;bottom&#8220; bg_image_animation=&#8220;none&#8220; gradient_type=&#8220;default&#8220; shape_type=&#8220;&#8220;][vc_column column_padding=&#8220;no-extra-padding&#8220; column_padding_tablet=&#8220;inherit&#8220; column_padding_phone=&#8220;inherit&#8220; column_padding_position=&#8220;all&#8220; column_element_direction_desktop=&#8220;default&#8220; column_element_spacing=&#8220;default&#8220; desktop_text_alignment=&#8220;default&#8220;...","og_url":"https:\/\/story-telling.ai\/?page_id=6071","og_site_name":"StorytellingAI","article_modified_time":"2025-05-22T07:09:27+00:00","twitter_card":"summary_large_image","twitter_misc":{"Gesch\u00e4tzte Lesezeit":"5\u00a0Minuten"},"schema":{"@context":"https:\/\/schema.org","@graph":[{"@type":"WebPage","@id":"https:\/\/story-telling.ai\/?page_id=6071","url":"https:\/\/story-telling.ai\/?page_id=6071","name":"Impressum - StorytellingAI","isPartOf":{"@id":"https:\/\/story-telling.ai\/#website"},"datePublished":"2025-05-07T09:08:04+00:00","dateModified":"2025-05-22T07:09:27+00:00","breadcrumb":{"@id":"https:\/\/story-telling.ai\/?page_id=6071#breadcrumb"},"inLanguage":"de","potentialAction":[{"@type":"ReadAction","target":["https:\/\/story-telling.ai\/?page_id=6071"]}]},{"@type":"BreadcrumbList","@id":"https:\/\/story-telling.ai\/?page_id=6071#breadcrumb","itemListElement":[{"@type":"ListItem","position":1,"name":"Startseite","item":"https:\/\/story-telling.ai\/"},{"@type":"ListItem","position":2,"name":"Impressum"}]},{"@type":"WebSite","@id":"https:\/\/story-telling.ai\/#website","url":"https:\/\/story-telling.ai\/","name":"StorytellingAI","description":"Filmisches Storytelling mit AI","publisher":{"@id":"https:\/\/story-telling.ai\/#organization"},"potentialAction":[{"@type":"SearchAction","target":{"@type":"EntryPoint","urlTemplate":"https:\/\/story-telling.ai\/?s={search_term_string}"},"query-input":{"@type":"PropertyValueSpecification","valueRequired":true,"valueName":"search_term_string"}}],"inLanguage":"de"},{"@type":"Organization","@id":"https:\/\/story-telling.ai\/#organization","name":"StorytellingAI","url":"https:\/\/story-telling.ai\/","logo":{"@type":"ImageObject","inLanguage":"de","@id":"https:\/\/story-telling.ai\/#\/schema\/logo\/image\/","url":"https:\/\/story-telling.ai\/wp-content\/uploads\/2025\/02\/cropped-Storytelling-Ai_Logo1_ohne-Hintergrund-e1738947346437.png","contentUrl":"https:\/\/story-telling.ai\/wp-content\/uploads\/2025\/02\/cropped-Storytelling-Ai_Logo1_ohne-Hintergrund-e1738947346437.png","width":160,"height":106,"caption":"StorytellingAI"},"image":{"@id":"https:\/\/story-telling.ai\/#\/schema\/logo\/image\/"}}]}},"_links":{"self":[{"href":"https:\/\/story-telling.ai\/index.php?rest_route=\/wp\/v2\/pages\/6071","targetHints":{"allow":["GET"]}}],"collection":[{"href":"https:\/\/story-telling.ai\/index.php?rest_route=\/wp\/v2\/pages"}],"about":[{"href":"https:\/\/story-telling.ai\/index.php?rest_route=\/wp\/v2\/types\/page"}],"author":[{"embeddable":true,"href":"https:\/\/story-telling.ai\/index.php?rest_route=\/wp\/v2\/users\/1"}],"replies":[{"embeddable":true,"href":"https:\/\/story-telling.ai\/index.php?rest_route=%2Fwp%2Fv2%2Fcomments&post=6071"}],"version-history":[{"count":8,"href":"https:\/\/story-telling.ai\/index.php?rest_route=\/wp\/v2\/pages\/6071\/revisions"}],"predecessor-version":[{"id":6131,"href":"https:\/\/story-telling.ai\/index.php?rest_route=\/wp\/v2\/pages\/6071\/revisions\/6131"}],"wp:attachment":[{"href":"https:\/\/story-telling.ai\/index.php?rest_route=%2Fwp%2Fv2%2Fmedia&parent=6071"}],"curies":[{"name":"wp","href":"https:\/\/api.w.org\/{rel}","templated":true}]}}